{"id":35628,"date":"2024-11-17T03:51:18","date_gmt":"2024-11-17T03:51:18","guid":{"rendered":"https:\/\/www.public.sn\/index.php\/membership-join\/"},"modified":"2024-11-17T06:40:24","modified_gmt":"2024-11-17T06:40:24","slug":"membership-join","status":"publish","type":"page","link":"https:\/\/www.public.sn\/index.php\/membership-join\/","title":{"rendered":"Join Us"},"content":{"rendered":"\t\t<div data-elementor-type=\"wp-page\" data-elementor-id=\"35628\" class=\"elementor elementor-35628\" data-elementor-post-type=\"page\">\n\t\t\t\t\t\t<section class=\"elementor-section elementor-top-section elementor-element elementor-element-29190691 elementor-section-boxed elementor-section-height-default elementor-section-height-default wpr-particle-no wpr-jarallax-no wpr-parallax-no wpr-sticky-section-no\" data-id=\"29190691\" data-element_type=\"section\">\n\t\t\t\t\t\t<div class=\"elementor-container elementor-column-gap-default\">\n\t\t\t\t\t<div class=\"elementor-column elementor-col-100 elementor-top-column elementor-element elementor-element-145e9432\" data-id=\"145e9432\" data-element_type=\"column\">\n\t\t\t<div class=\"elementor-widget-wrap elementor-element-populated\">\n\t\t\t\t\t\t<div class=\"elementor-element elementor-element-4afe83e7 elementor-widget elementor-widget-text-editor\" data-id=\"4afe83e7\" data-element_type=\"widget\" data-widget_type=\"text-editor.default\">\n\t\t\t\t<div class=\"elementor-widget-container\">\n\t\t\t\t\t\t\t\t\t<p style=\"font-weight: bold;\"><span style=\"font-family: var( --e-global-typography-text-font-family ), Sans-serif;\"><span style=\"color: #ff0000;\">Free Public<\/span><\/span><\/p><div class=\"publi-paragraphe1\" style=\"margin-top: 10px;margin-bottom: 10px;margin-left: auto;margin-right: auto;text-align: center;\" id=\"publi-2010984734\"><div class=\"publi-adlabel\">Publicit\u00e9<\/div><script async src=\"\/\/pagead2.googlesyndication.com\/pagead\/js\/adsbygoogle.js?client=ca-pub-4089586018074219\" crossorigin=\"anonymous\"><\/script><ins class=\"adsbygoogle\" style=\"display:block;\" data-ad-client=\"ca-pub-4089586018074219\" \ndata-ad-slot=\"2087940154\" \ndata-ad-format=\"auto\"><\/ins>\n<script> \n(adsbygoogle = window.adsbygoogle || []).push({}); \n<\/script>\n<\/div><p style=\"font-weight: bold;\"><span style=\"color: var( --e-global-color-text ); font-family: var( --e-global-typography-text-font-family ), Sans-serif;\">Avec cette formule, vous ne payer rien du tout. Vous pouvez ainsi, lire les gros titres des contenus payants ainsi que l&rsquo;int\u00e9gralit\u00e9 des articles gratuits. Un abonnement gratuit \u00e0 vie. Vous pouvez \u00e0 tout moment annuler votre inscription.<\/span><\/p><p><strong><span style=\"font-family: var( --e-global-typography-text-font-family ), Sans-serif;\"><span style=\"color: #ff0000;\">D\u00e9cade<\/span><\/span><\/strong><\/p><p><span style=\"color: var( --e-global-color-text ); font-family: var( --e-global-typography-text-font-family ), Sans-serif;\">Avec cette formule, vous avez 10 jours d&rsquo;abonnement premium. Avec 1,61$ (1 000 FCFA) vous avez acc\u00e8s\u00a0 \u00e0 tout le contenu du site pendant 10 jours. Vous pouvez \u00e0 tout moment annuler votre inscription.\u00a0<\/span><\/p><p>\u00a0<\/p><p><strong><span style=\"font-family: var( --e-global-typography-text-font-family ), Sans-serif;\"><span style=\"color: #ff0000;\">Mensuel<\/span><\/span><\/strong><\/p><p><span style=\"color: var( --e-global-color-text ); font-family: var( --e-global-typography-text-font-family ), Sans-serif;\">Avec cette formule, vous avez 30\u00a0 jours d&rsquo;abonnement premium. Avec 4,82$ (3 000 FCFA) vous avez acc\u00e8s\u00a0 \u00e0 tout le contenu du site pendant un mois. Vous pouvez \u00e0 tout moment annuler votre inscription.<\/span><\/p><p><img decoding=\"async\" title=\"Join Now\" src=\"https:\/\/www.public.sn\/wp-content\/plugins\/simple-membership\/images\/join-now-button-image.gif\" alt=\"Join Now Button\" width=\"277\" height=\"82\" \/><\/p><p><strong>You can register for a Free Membership or pay for one of the following membership options<\/strong><\/p><p>[ ==&gt; Insert Payment Button For Your Paid Membership Levels Here &lt;== ]<\/p><p style=\"border-bottom: 1px solid #ccc; padding-bottom: 10px; margin-bottom: 10px;\">\u00a0<\/p>\t\t\t\t\t\t\t\t<\/div>\n\t\t\t\t<\/div>\n\t\t\t\t\t<\/div>\n\t\t<\/div>\n\t\t\t\t\t<\/div>\n\t\t<\/section>\n\t\t\t\t<\/div>\n\t\t<div class=\"publi-apres-le-contenu\" style=\"margin-top: 10px;margin-bottom: 10px;margin-left: auto;margin-right: auto;text-align: center;\" id=\"publi-3070500137\"><div class=\"publi-adlabel\">Publicit\u00e9<\/div><script async src=\"\/\/pagead2.googlesyndication.com\/pagead\/js\/adsbygoogle.js?client=ca-pub-4089586018074219\" crossorigin=\"anonymous\"><\/script><ins class=\"adsbygoogle\" style=\"display:block;\" data-ad-client=\"ca-pub-4089586018074219\" \ndata-ad-slot=\"2087940154\" \ndata-ad-format=\"auto\"><\/ins>\n<script> \n(adsbygoogle = window.adsbygoogle || []).push({}); \n<\/script>\n<\/div>","protected":false},"excerpt":{"rendered":"<p>Free Public Avec cette formule, vous ne payer rien du tout. Vous pouvez ainsi, lire les gros titres des contenus payants ainsi que l&rsquo;int\u00e9gralit\u00e9 des articles gratuits. Un abonnement gratuit \u00e0 vie. Vous pouvez \u00e0 tout moment annuler votre inscription. D\u00e9cade Avec cette formule, vous avez 10 jours d&rsquo;abonnement premium. Avec 1,61$ (1 000 FCFA) vous avez acc\u00e8s\u00a0 \u00e0 tout le contenu du site pendant 10 jours. Vous pouvez \u00e0 tout moment annuler votre inscription.\u00a0 \u00a0 Mensuel Avec cette formule, vous avez 30\u00a0 jours d&rsquo;abonnement premium. Avec 4,82$ (3 000 FCFA) vous avez acc\u00e8s\u00a0 \u00e0 tout le contenu du site pendant un mois. Vous pouvez \u00e0 tout moment annuler votre inscription. You can register for a Free Membership or pay for one of the following membership options [ ==&gt; Insert Payment Button For Your Paid Membership Levels Here &lt;== ] \u00a0<\/p>\n","protected":false},"author":1,"featured_media":0,"parent":0,"menu_order":0,"comment_status":"closed","ping_status":"closed","template":"","meta":{"footnotes":""},"class_list":["post-35628","page","type-page","status-publish","hentry","entry","owp-thumbs-layout-horizontal","owp-btn-normal","owp-tabs-layout-horizontal","has-no-thumbnails","has-product-nav"],"yoast_head":"<!-- This site is optimized with the Yoast SEO plugin v25.5 - https:\/\/yoast.com\/wordpress\/plugins\/seo\/ -->\n<title>Join Us - LE PUBLIC<\/title>\n<meta name=\"robots\" content=\"index, follow, max-snippet:-1, max-image-preview:large, max-video-preview:-1\" \/>\n<link rel=\"canonical\" href=\"https:\/\/www.public.sn\/index.php\/membership-join\/\" \/>\n<meta property=\"og:locale\" content=\"fr_FR\" \/>\n<meta property=\"og:type\" content=\"article\" \/>\n<meta property=\"og:title\" content=\"Join Us - LE PUBLIC\" \/>\n<meta property=\"og:description\" content=\"Free Public Avec cette formule, vous ne payer rien du tout. Vous pouvez ainsi, lire les gros titres des contenus payants ainsi que l&rsquo;int\u00e9gralit\u00e9 des articles gratuits. Un abonnement gratuit \u00e0 vie. Vous pouvez \u00e0 tout moment annuler votre inscription. D\u00e9cade Avec cette formule, vous avez 10 jours d&rsquo;abonnement premium. Avec 1,61$ (1 000 FCFA) vous avez acc\u00e8s\u00a0 \u00e0 tout le contenu du site pendant 10 jours. Vous pouvez \u00e0 tout moment annuler votre inscription.\u00a0 \u00a0 Mensuel Avec cette formule, vous avez 30\u00a0 jours d&rsquo;abonnement premium. Avec 4,82$ (3 000 FCFA) vous avez acc\u00e8s\u00a0 \u00e0 tout le contenu du site pendant un mois. Vous pouvez \u00e0 tout moment annuler votre inscription. You can register for a Free Membership or pay for one of the following membership options [ ==&gt; Insert Payment Button For Your Paid Membership Levels Here &lt;== ] \u00a0\" \/>\n<meta property=\"og:url\" content=\"https:\/\/www.public.sn\/index.php\/membership-join\/\" \/>\n<meta property=\"og:site_name\" content=\"LE PUBLIC\" \/>\n<meta property=\"article:modified_time\" content=\"2024-11-17T06:40:24+00:00\" \/>\n<meta property=\"og:image\" content=\"https:\/\/www.public.sn\/wp-content\/plugins\/simple-membership\/images\/join-now-button-image.gif\" \/>\n<meta name=\"twitter:card\" content=\"summary_large_image\" \/>\n<meta name=\"twitter:label1\" content=\"Dur\u00e9e de lecture estim\u00e9e\" \/>\n\t<meta name=\"twitter:data1\" content=\"1 minute\" \/>\n<script type=\"application\/ld+json\" class=\"yoast-schema-graph\">{\"@context\":\"https:\/\/schema.org\",\"@graph\":[{\"@type\":\"WebPage\",\"@id\":\"https:\/\/www.public.sn\/index.php\/membership-join\/\",\"url\":\"https:\/\/www.public.sn\/index.php\/membership-join\/\",\"name\":\"Join Us - LE PUBLIC\",\"isPartOf\":{\"@id\":\"https:\/\/www.public.sn\/#website\"},\"primaryImageOfPage\":{\"@id\":\"https:\/\/www.public.sn\/index.php\/membership-join\/#primaryimage\"},\"image\":{\"@id\":\"https:\/\/www.public.sn\/index.php\/membership-join\/#primaryimage\"},\"thumbnailUrl\":\"https:\/\/www.public.sn\/wp-content\/plugins\/simple-membership\/images\/join-now-button-image.gif\",\"datePublished\":\"2024-11-17T03:51:18+00:00\",\"dateModified\":\"2024-11-17T06:40:24+00:00\",\"breadcrumb\":{\"@id\":\"https:\/\/www.public.sn\/index.php\/membership-join\/#breadcrumb\"},\"inLanguage\":\"fr-FR\",\"potentialAction\":[{\"@type\":\"ReadAction\",\"target\":[\"https:\/\/www.public.sn\/index.php\/membership-join\/\"]}]},{\"@type\":\"ImageObject\",\"inLanguage\":\"fr-FR\",\"@id\":\"https:\/\/www.public.sn\/index.php\/membership-join\/#primaryimage\",\"url\":\"https:\/\/www.public.sn\/wp-content\/plugins\/simple-membership\/images\/join-now-button-image.gif\",\"contentUrl\":\"https:\/\/www.public.sn\/wp-content\/plugins\/simple-membership\/images\/join-now-button-image.gif\"},{\"@type\":\"BreadcrumbList\",\"@id\":\"https:\/\/www.public.sn\/index.php\/membership-join\/#breadcrumb\",\"itemListElement\":[{\"@type\":\"ListItem\",\"position\":1,\"name\":\"Accueil\",\"item\":\"https:\/\/www.public.sn\/\"},{\"@type\":\"ListItem\",\"position\":2,\"name\":\"Join Us\"}]},{\"@type\":\"WebSite\",\"@id\":\"https:\/\/www.public.sn\/#website\",\"url\":\"https:\/\/www.public.sn\/\",\"name\":\"LE PUBLIC\",\"description\":\"\",\"publisher\":{\"@id\":\"https:\/\/www.public.sn\/#organization\"},\"potentialAction\":[{\"@type\":\"SearchAction\",\"target\":{\"@type\":\"EntryPoint\",\"urlTemplate\":\"https:\/\/www.public.sn\/?s={search_term_string}\"},\"query-input\":{\"@type\":\"PropertyValueSpecification\",\"valueRequired\":true,\"valueName\":\"search_term_string\"}}],\"inLanguage\":\"fr-FR\"},{\"@type\":\"Organization\",\"@id\":\"https:\/\/www.public.sn\/#organization\",\"name\":\"LE PUBLIC\",\"url\":\"https:\/\/www.public.sn\/\",\"logo\":{\"@type\":\"ImageObject\",\"inLanguage\":\"fr-FR\",\"@id\":\"https:\/\/www.public.sn\/#\/schema\/logo\/image\/\",\"url\":\"https:\/\/www.public.sn\/wp-content\/uploads\/2024\/05\/cropped-LOGO-PUBLIC.SN_.png\",\"contentUrl\":\"https:\/\/www.public.sn\/wp-content\/uploads\/2024\/05\/cropped-LOGO-PUBLIC.SN_.png\",\"width\":682,\"height\":192,\"caption\":\"LE PUBLIC\"},\"image\":{\"@id\":\"https:\/\/www.public.sn\/#\/schema\/logo\/image\/\"}}]}<\/script>\n<!-- \/ Yoast SEO plugin. -->","yoast_head_json":{"title":"Join Us - LE PUBLIC","robots":{"index":"index","follow":"follow","max-snippet":"max-snippet:-1","max-image-preview":"max-image-preview:large","max-video-preview":"max-video-preview:-1"},"canonical":"https:\/\/www.public.sn\/index.php\/membership-join\/","og_locale":"fr_FR","og_type":"article","og_title":"Join Us - LE PUBLIC","og_description":"Free Public Avec cette formule, vous ne payer rien du tout. Vous pouvez ainsi, lire les gros titres des contenus payants ainsi que l&rsquo;int\u00e9gralit\u00e9 des articles gratuits. Un abonnement gratuit \u00e0 vie. Vous pouvez \u00e0 tout moment annuler votre inscription. D\u00e9cade Avec cette formule, vous avez 10 jours d&rsquo;abonnement premium. Avec 1,61$ (1 000 FCFA) vous avez acc\u00e8s\u00a0 \u00e0 tout le contenu du site pendant 10 jours. Vous pouvez \u00e0 tout moment annuler votre inscription.\u00a0 \u00a0 Mensuel Avec cette formule, vous avez 30\u00a0 jours d&rsquo;abonnement premium. Avec 4,82$ (3 000 FCFA) vous avez acc\u00e8s\u00a0 \u00e0 tout le contenu du site pendant un mois. Vous pouvez \u00e0 tout moment annuler votre inscription. You can register for a Free Membership or pay for one of the following membership options [ ==&gt; Insert Payment Button For Your Paid Membership Levels Here &lt;== ] \u00a0","og_url":"https:\/\/www.public.sn\/index.php\/membership-join\/","og_site_name":"LE PUBLIC","article_modified_time":"2024-11-17T06:40:24+00:00","og_image":[{"url":"https:\/\/www.public.sn\/wp-content\/plugins\/simple-membership\/images\/join-now-button-image.gif","type":"","width":"","height":""}],"twitter_card":"summary_large_image","twitter_misc":{"Dur\u00e9e de lecture estim\u00e9e":"1 minute"},"schema":{"@context":"https:\/\/schema.org","@graph":[{"@type":"WebPage","@id":"https:\/\/www.public.sn\/index.php\/membership-join\/","url":"https:\/\/www.public.sn\/index.php\/membership-join\/","name":"Join Us - LE PUBLIC","isPartOf":{"@id":"https:\/\/www.public.sn\/#website"},"primaryImageOfPage":{"@id":"https:\/\/www.public.sn\/index.php\/membership-join\/#primaryimage"},"image":{"@id":"https:\/\/www.public.sn\/index.php\/membership-join\/#primaryimage"},"thumbnailUrl":"https:\/\/www.public.sn\/wp-content\/plugins\/simple-membership\/images\/join-now-button-image.gif","datePublished":"2024-11-17T03:51:18+00:00","dateModified":"2024-11-17T06:40:24+00:00","breadcrumb":{"@id":"https:\/\/www.public.sn\/index.php\/membership-join\/#breadcrumb"},"inLanguage":"fr-FR","potentialAction":[{"@type":"ReadAction","target":["https:\/\/www.public.sn\/index.php\/membership-join\/"]}]},{"@type":"ImageObject","inLanguage":"fr-FR","@id":"https:\/\/www.public.sn\/index.php\/membership-join\/#primaryimage","url":"https:\/\/www.public.sn\/wp-content\/plugins\/simple-membership\/images\/join-now-button-image.gif","contentUrl":"https:\/\/www.public.sn\/wp-content\/plugins\/simple-membership\/images\/join-now-button-image.gif"},{"@type":"BreadcrumbList","@id":"https:\/\/www.public.sn\/index.php\/membership-join\/#breadcrumb","itemListElement":[{"@type":"ListItem","position":1,"name":"Accueil","item":"https:\/\/www.public.sn\/"},{"@type":"ListItem","position":2,"name":"Join Us"}]},{"@type":"WebSite","@id":"https:\/\/www.public.sn\/#website","url":"https:\/\/www.public.sn\/","name":"LE PUBLIC","description":"","publisher":{"@id":"https:\/\/www.public.sn\/#organization"},"potentialAction":[{"@type":"SearchAction","target":{"@type":"EntryPoint","urlTemplate":"https:\/\/www.public.sn\/?s={search_term_string}"},"query-input":{"@type":"PropertyValueSpecification","valueRequired":true,"valueName":"search_term_string"}}],"inLanguage":"fr-FR"},{"@type":"Organization","@id":"https:\/\/www.public.sn\/#organization","name":"LE PUBLIC","url":"https:\/\/www.public.sn\/","logo":{"@type":"ImageObject","inLanguage":"fr-FR","@id":"https:\/\/www.public.sn\/#\/schema\/logo\/image\/","url":"https:\/\/www.public.sn\/wp-content\/uploads\/2024\/05\/cropped-LOGO-PUBLIC.SN_.png","contentUrl":"https:\/\/www.public.sn\/wp-content\/uploads\/2024\/05\/cropped-LOGO-PUBLIC.SN_.png","width":682,"height":192,"caption":"LE PUBLIC"},"image":{"@id":"https:\/\/www.public.sn\/#\/schema\/logo\/image\/"}}]}},"jetpack_sharing_enabled":true,"_links":{"self":[{"href":"https:\/\/www.public.sn\/index.php\/wp-json\/wp\/v2\/pages\/35628","targetHints":{"allow":["GET"]}}],"collection":[{"href":"https:\/\/www.public.sn\/index.php\/wp-json\/wp\/v2\/pages"}],"about":[{"href":"https:\/\/www.public.sn\/index.php\/wp-json\/wp\/v2\/types\/page"}],"author":[{"embeddable":true,"href":"https:\/\/www.public.sn\/index.php\/wp-json\/wp\/v2\/users\/1"}],"replies":[{"embeddable":true,"href":"https:\/\/www.public.sn\/index.php\/wp-json\/wp\/v2\/comments?post=35628"}],"version-history":[{"count":3,"href":"https:\/\/www.public.sn\/index.php\/wp-json\/wp\/v2\/pages\/35628\/revisions"}],"predecessor-version":[{"id":35645,"href":"https:\/\/www.public.sn\/index.php\/wp-json\/wp\/v2\/pages\/35628\/revisions\/35645"}],"wp:attachment":[{"href":"https:\/\/www.public.sn\/index.php\/wp-json\/wp\/v2\/media?parent=35628"}],"curies":[{"name":"wp","href":"https:\/\/api.w.org\/{rel}","templated":true}]}}